{"id":82,"date":"2025-12-16T20:33:40","date_gmt":"2025-12-16T20:33:40","guid":{"rendered":"https:\/\/arabeks.com\/?page_id=82"},"modified":"2025-12-17T10:32:32","modified_gmt":"2025-12-17T10:32:32","slug":"hikaye","status":"publish","type":"page","link":"https:\/\/arabeks.com\/?page_id=82","title":{"rendered":"Hikaye"},"content":{"rendered":"\n<figure class=\"wp-block-pullquote\"><blockquote><p>H\u0130KAYE.<\/p><cite><br>Mehmet bir icra memurudur. Ayn\u0131 zamanda yediemin deposunun dolayl\u0131 yoldan sahibidir.<br>Filiz icra avukat\u0131d\u0131r. Nadir hem \u015fof\u00f6rl\u00fck hem hamall\u0131k yapar. Nejat ise depoda \u00e7ayc\u0131l\u0131k yapar.<br>Bu d\u00f6rt ki\u015fi birlikte \u00e7al\u0131\u015f\u0131r ve icra dairesinde uzun s\u00fcredir bekletilen dosyalar\u0131 sahaya ta\u015f\u0131rlar.<br>Her b\u00f6l\u00fcmde ekip, uyutulmu\u015f bir icra dosyas\u0131n\u0131 al\u0131p hacze gider.<br>Gittikleri her evde i\u015fler planland\u0131\u011f\u0131 gibi ilerlemez.<br>Komik, tuhaf, bazen korkutucu ve bazen de kontrol edilemeyen durumlar\u0131n i\u00e7ine girerler.<br>Baz\u0131 hacizler sorunsuz biter, baz\u0131lar\u0131 yar\u0131m kal\u0131r.<br>Bazen kazanan olurlar, bazen herkes kaybeder.<br>Ama her seferinde i\u00e7ine d\u00fc\u015ft\u00fckleri durumdan \u00e7\u0131kman\u0131n bir yolunu bulurlar.<br>Dizi, icra s\u00fcre\u00e7lerini merkeze al\u0131rken as\u0131l olarak bu d\u00f6rt karakterin birbirleriyle olan ili\u015fkilerine odaklan\u0131r.<br>Ayn\u0131 ekibin i\u00e7inde g\u00fcven, \u00e7\u0131kar, dayan\u0131\u015fma ve \u00e7at\u0131\u015fma yan yana ilerler.<br>Zamanla karakterlerin ge\u00e7mi\u015fleri, zay\u0131f y\u00f6nleri ve s\u0131n\u0131rlar\u0131 daha g\u00f6r\u00fcn\u00fcr hale gelir.<br>Bu hik\u00e2ye, bir adalet anlat\u0131s\u0131 de\u011fildir.<br>G\u00fcnl\u00fck bir i\u015fin i\u00e7inde, s\u0131radan insanlar\u0131n ba\u015f\u0131na gelen s\u0131ra d\u0131\u015f\u0131 olaylar\u0131 anlat\u0131r.<\/cite><\/blockquote><\/figure>\n\n\n\n<main class=\"wp-block-group has-contrast-background-color has-background is-layout-flow wp-block-group-is-layout-flow\" style=\"margin-top:0;margin-bottom:0;padding-top:0;padding-right:0;padding-bottom:0;padding-left:0\">\n<main class=\"wp-block-group our-projects has-global-padding is-layout-constrained wp-container-core-group-is-layout-a5319d1d wp-block-group-is-layout-constrained\" style=\"margin-top:0;margin-bottom:0;padding-top:50px;padding-right:0px;padding-bottom:50px;padding-left:0px\">\n<div class=\"wp-block-group has-global-padding is-layout-constrained wp-container-core-group-is-layout-12243e0f wp-block-group-is-layout-constrained\">\n<h3 class=\"wp-block-heading has-text-align-center has-base-color has-text-color has-link-color has-syne-font-family wp-elements-13d94ffca110fcee7ae1a33e360a9d5a\" style=\"font-size:clamp(16.293px, 1.018rem + ((1vw - 3.2px) * 0.989), 25px);font-style:normal;font-weight:700\">KARAKTERLER.<\/h3>\n\n\n\n<p class=\"has-text-align-center has-base-color has-text-color has-link-color has-poppins-font-family wp-elements-7c112570228fd38456f43e20755631af\" style=\"margin-top:0;margin-bottom:0;font-size:14px;font-style:normal;font-weight:400\"><\/p>\n<\/div>\n\n\n\n<div class=\"wp-block-columns alignwide  owl-carousel tour-box animations-hidden-item is-layout-flex wp-container-core-columns-is-layout-28f84493 wp-block-columns-is-layout-flex\">\n<div class=\"wp-block-column is-vertically-aligned-center product-main is-layout-flow wp-block-column-is-layout-flow\" style=\"border-radius:10px;padding-top:0;padding-bottom:0\">\n<div class=\"wp-block-group image-box has-global-padding is-content-justification-center is-layout-constrained wp-container-core-group-is-layout-88bc6f48 wp-block-group-is-layout-constrained\" style=\"min-height:150px;padding-top:0px\">\n<figure class=\"wp-block-image aligncenter size-full has-custom-border product-image\" style=\"margin-bottom:10px\"><img loading=\"lazy\" decoding=\"async\" width=\"2048\" height=\"1365\" src=\"https:\/\/arabeks.com\/wp-content\/uploads\/2025\/12\/turkishbug23727.jpg\" alt=\"\" class=\"wp-image-142\" style=\"border-radius:12px;object-fit:cover\" srcset=\"https:\/\/arabeks.com\/wp-content\/uploads\/2025\/12\/turkishbug23727.jpg 2048w, https:\/\/arabeks.com\/wp-content\/uploads\/2025\/12\/turkishbug23727-300x200.jpg 300w, https:\/\/arabeks.com\/wp-content\/uploads\/2025\/12\/turkishbug23727-1024x683.jpg 1024w, https:\/\/arabeks.com\/wp-content\/uploads\/2025\/12\/turkishbug23727-768x512.jpg 768w, https:\/\/arabeks.com\/wp-content\/uploads\/2025\/12\/turkishbug23727-1536x1024.jpg 1536w\" sizes=\"auto, (max-width: 2048px) 100vw, 2048px\" \/><\/figure>\n\n\n\n<div class=\"wp-block-group carrt-btn has-global-padding is-layout-constrained wp-block-group-is-layout-constrained\">\n<div class=\"wp-block-buttons product-btn is-content-justification-center is-layout-flex wp-container-core-buttons-is-layout-a89b3969 wp-block-buttons-is-layout-flex\">\n<div class=\"wp-block-button\"><a class=\"wp-block-button__link has-contrast-color has-base-background-color has-text-color has-background has-link-color has-mulish-font-family has-custom-font-size wp-element-button\" style=\"border-radius:4px;padding-top:8px;padding-right:15px;padding-bottom:8px;padding-left:15px;font-size:clamp(14px, 0.875rem + ((1vw - 3.2px) * 0.114), 15px);font-style:normal;font-weight:700\">Mehmet<\/a><\/div>\n<\/div>\n<\/div>\n<\/div>\n\n\n\n<div class=\"wp-block-group has-global-padding is-layout-constrained wp-container-core-group-is-layout-a37634a7 wp-block-group-is-layout-constrained\" style=\"padding-right:20px;padding-bottom:15px;padding-left:0px\">\n<h5 class=\"wp-block-heading has-base-color has-text-color has-link-color has-syne-font-family wp-elements-a789e2e7ffe88b2df2fc2d4ddbc592f1\" style=\"margin-top:0;margin-bottom:0;font-size:clamp(14px, 0.875rem + ((1vw - 3.2px) * 0.455), 18px);font-style:normal;font-weight:600;text-transform:capitalize\">Mehmet <\/h5>\n\n\n\n<p class=\"has-base-color has-text-color has-link-color has-poppins-font-family wp-elements-d9ee7d69088afd8335a521f6725b1ea1\" style=\"margin-top:0;margin-bottom:0;padding-top:0;padding-bottom:0;font-size:13px;font-style:normal;font-weight:400\">Yediemin Deposu Sahibi &#8211; \u0130cra Memuru<\/p>\n<\/div>\n<\/div>\n\n\n\n<div class=\"wp-block-column is-vertically-aligned-center product-main is-layout-flow wp-block-column-is-layout-flow\" style=\"border-radius:10px;padding-top:0;padding-bottom:0\">\n<div class=\"wp-block-group image-box has-global-padding is-content-justification-center is-layout-constrained wp-container-core-group-is-layout-88bc6f48 wp-block-group-is-layout-constrained\" style=\"min-height:150px;padding-top:0px\">\n<figure class=\"wp-block-image aligncenter size-full has-custom-border product-image\" style=\"margin-bottom:10px\"><img loading=\"lazy\" decoding=\"async\" width=\"2048\" height=\"1365\" src=\"https:\/\/arabeks.com\/wp-content\/uploads\/2025\/12\/turkishbug23545.jpg\" alt=\"\" class=\"wp-image-143\" style=\"border-radius:12px;object-fit:cover\" srcset=\"https:\/\/arabeks.com\/wp-content\/uploads\/2025\/12\/turkishbug23545.jpg 2048w, https:\/\/arabeks.com\/wp-content\/uploads\/2025\/12\/turkishbug23545-300x200.jpg 300w, https:\/\/arabeks.com\/wp-content\/uploads\/2025\/12\/turkishbug23545-1024x683.jpg 1024w, https:\/\/arabeks.com\/wp-content\/uploads\/2025\/12\/turkishbug23545-768x512.jpg 768w, https:\/\/arabeks.com\/wp-content\/uploads\/2025\/12\/turkishbug23545-1536x1024.jpg 1536w\" sizes=\"auto, (max-width: 2048px) 100vw, 2048px\" \/><\/figure>\n\n\n\n<div class=\"wp-block-group carrt-btn has-global-padding is-layout-constrained wp-block-group-is-layout-constrained\">\n<div class=\"wp-block-buttons product-btn is-content-justification-center is-layout-flex wp-container-core-buttons-is-layout-a89b3969 wp-block-buttons-is-layout-flex\">\n<div class=\"wp-block-button\"><a class=\"wp-block-button__link has-contrast-color has-base-background-color has-text-color has-background has-link-color has-mulish-font-family has-custom-font-size wp-element-button\" href=\"#\" style=\"border-radius:4px;padding-top:8px;padding-right:15px;padding-bottom:8px;padding-left:15px;font-size:clamp(14px, 0.875rem + ((1vw - 3.2px) * 0.114), 15px);font-style:normal;font-weight:700\">Filiz<\/a><\/div>\n<\/div>\n<\/div>\n<\/div>\n\n\n\n<div class=\"wp-block-group has-global-padding is-layout-constrained wp-container-core-group-is-layout-a37634a7 wp-block-group-is-layout-constrained\" style=\"padding-right:20px;padding-bottom:15px;padding-left:0px\">\n<h5 class=\"wp-block-heading has-base-color has-text-color has-link-color has-syne-font-family wp-elements-420bc3169caa69891195fa1b2385e741\" style=\"margin-top:0;margin-bottom:0;font-size:clamp(14px, 0.875rem + ((1vw - 3.2px) * 0.455), 18px);font-style:normal;font-weight:600;text-transform:capitalize\">Filiz<\/h5>\n\n\n\n<p class=\"has-base-color has-text-color has-link-color has-poppins-font-family wp-elements-c78817096cd48e6797bc835ae796a39a\" style=\"margin-top:0;margin-bottom:0;padding-top:0;padding-bottom:0;font-size:13px;font-style:normal;font-weight:400\">Avukat<\/p>\n<\/div>\n<\/div>\n\n\n\n<div class=\"wp-block-column is-vertically-aligned-center product-main is-layout-flow wp-block-column-is-layout-flow\" style=\"border-radius:10px;padding-top:0;padding-bottom:0\">\n<div class=\"wp-block-group image-box has-global-padding is-content-justification-center is-layout-constrained wp-container-core-group-is-layout-88bc6f48 wp-block-group-is-layout-constrained\" style=\"min-height:150px;padding-top:0px\">\n<figure class=\"wp-block-image aligncenter size-full has-custom-border product-image\" style=\"margin-bottom:10px\"><img loading=\"lazy\" decoding=\"async\" width=\"2048\" height=\"1365\" src=\"https:\/\/arabeks.com\/wp-content\/uploads\/2025\/12\/turkishbug23845.jpg\" alt=\"\" class=\"wp-image-144\" style=\"border-radius:12px;object-fit:cover\" srcset=\"https:\/\/arabeks.com\/wp-content\/uploads\/2025\/12\/turkishbug23845.jpg 2048w, https:\/\/arabeks.com\/wp-content\/uploads\/2025\/12\/turkishbug23845-300x200.jpg 300w, https:\/\/arabeks.com\/wp-content\/uploads\/2025\/12\/turkishbug23845-1024x683.jpg 1024w, https:\/\/arabeks.com\/wp-content\/uploads\/2025\/12\/turkishbug23845-768x512.jpg 768w, https:\/\/arabeks.com\/wp-content\/uploads\/2025\/12\/turkishbug23845-1536x1024.jpg 1536w\" sizes=\"auto, (max-width: 2048px) 100vw, 2048px\" \/><\/figure>\n\n\n\n<div class=\"wp-block-group carrt-btn has-global-padding is-layout-constrained wp-block-group-is-layout-constrained\">\n<div class=\"wp-block-buttons product-btn is-content-justification-center is-layout-flex wp-container-core-buttons-is-layout-a89b3969 wp-block-buttons-is-layout-flex\">\n<div class=\"wp-block-button\"><a class=\"wp-block-button__link has-contrast-color has-base-background-color has-text-color has-background has-link-color has-mulish-font-family has-custom-font-size wp-element-button\" style=\"border-radius:4px;padding-top:8px;padding-right:15px;padding-bottom:8px;padding-left:15px;font-size:clamp(14px, 0.875rem + ((1vw - 3.2px) * 0.114), 15px);font-style:normal;font-weight:700\">Nadir<\/a><\/div>\n<\/div>\n<\/div>\n<\/div>\n\n\n\n<div class=\"wp-block-group has-global-padding is-layout-constrained wp-container-core-group-is-layout-a37634a7 wp-block-group-is-layout-constrained\" style=\"padding-right:20px;padding-bottom:15px;padding-left:0px\">\n<h5 class=\"wp-block-heading has-base-color has-text-color has-link-color has-syne-font-family wp-elements-ca36ea3176c6a3019cea8e21960c990a\" style=\"margin-top:0;margin-bottom:0;font-size:clamp(14px, 0.875rem + ((1vw - 3.2px) * 0.455), 18px);font-style:normal;font-weight:600;text-transform:capitalize\">Nadir<\/h5>\n\n\n\n<p class=\"has-base-color has-text-color has-link-color has-poppins-font-family wp-elements-4cca7b90992607b77f66a0e960ce28de\" style=\"margin-top:0;margin-bottom:0;padding-top:0;padding-bottom:0;font-size:13px;font-style:normal;font-weight:400\">Hamal<\/p>\n<\/div>\n<\/div>\n\n\n\n<div class=\"wp-block-column is-vertically-aligned-center product-main is-layout-flow wp-block-column-is-layout-flow\" style=\"border-radius:10px;padding-top:0;padding-bottom:0\">\n<div class=\"wp-block-group image-box has-global-padding is-content-justification-center is-layout-constrained wp-container-core-group-is-layout-88bc6f48 wp-block-group-is-layout-constrained\" style=\"min-height:150px;padding-top:0px\">\n<figure class=\"wp-block-image aligncenter size-full has-custom-border product-image\" style=\"margin-bottom:10px\"><img loading=\"lazy\" decoding=\"async\" width=\"2048\" height=\"1365\" src=\"https:\/\/arabeks.com\/wp-content\/uploads\/2025\/12\/turkishbug23786.jpg\" alt=\"\" class=\"wp-image-145\" style=\"border-radius:12px;object-fit:cover\" srcset=\"https:\/\/arabeks.com\/wp-content\/uploads\/2025\/12\/turkishbug23786.jpg 2048w, https:\/\/arabeks.com\/wp-content\/uploads\/2025\/12\/turkishbug23786-300x200.jpg 300w, https:\/\/arabeks.com\/wp-content\/uploads\/2025\/12\/turkishbug23786-1024x683.jpg 1024w, https:\/\/arabeks.com\/wp-content\/uploads\/2025\/12\/turkishbug23786-768x512.jpg 768w, https:\/\/arabeks.com\/wp-content\/uploads\/2025\/12\/turkishbug23786-1536x1024.jpg 1536w\" sizes=\"auto, (max-width: 2048px) 100vw, 2048px\" \/><\/figure>\n\n\n\n<div class=\"wp-block-group carrt-btn has-global-padding is-layout-constrained wp-block-group-is-layout-constrained\">\n<div class=\"wp-block-buttons product-btn is-content-justification-center is-layout-flex wp-container-core-buttons-is-layout-a89b3969 wp-block-buttons-is-layout-flex\">\n<div class=\"wp-block-button\"><a class=\"wp-block-button__link has-contrast-color has-base-background-color has-text-color has-background has-link-color has-mulish-font-family has-custom-font-size wp-element-button\" style=\"border-radius:4px;padding-top:8px;padding-right:15px;padding-bottom:8px;padding-left:15px;font-size:clamp(14px, 0.875rem + ((1vw - 3.2px) * 0.114), 15px);font-style:normal;font-weight:700\">Nejat<\/a><\/div>\n<\/div>\n<\/div>\n<\/div>\n\n\n\n<div class=\"wp-block-group has-global-padding is-layout-constrained wp-container-core-group-is-layout-a37634a7 wp-block-group-is-layout-constrained\" style=\"padding-right:20px;padding-bottom:15px;padding-left:0px\">\n<h5 class=\"wp-block-heading has-base-color has-text-color has-link-color has-syne-font-family wp-elements-bc413192f96124c98cfaabcfa0ac76c5\" style=\"margin-top:0;margin-bottom:0;font-size:clamp(14px, 0.875rem + ((1vw - 3.2px) * 0.455), 18px);font-style:normal;font-weight:600;text-transform:capitalize\">Nejat<\/h5>\n\n\n\n<p class=\"has-base-color has-text-color has-link-color has-poppins-font-family wp-elements-5d99d4125229dee1c29a6f418e72d380\" style=\"margin-top:0;margin-bottom:0;padding-top:0;padding-bottom:0;font-size:13px;font-style:normal;font-weight:400\">Depo \u00c7ayc\u0131s\u0131<\/p>\n<\/div>\n<\/div>\n<\/div>\n<\/main>\n<\/main>\n","protected":false},"excerpt":{"rendered":"<p>H\u0130KAYE. Mehmet bir icra memurudur. Ayn\u0131 zamanda yediemin deposunun dolayl\u0131 yoldan sahibidir.Filiz icra avukat\u0131d\u0131r. Nadir hem \u015fof\u00f6rl\u00fck hem hamall\u0131k yapar. Nejat ise depoda \u00e7ayc\u0131l\u0131k yapar.Bu d\u00f6rt ki\u015fi birlikte \u00e7al\u0131\u015f\u0131r ve icra dairesinde uzun s\u00fcredir bekletilen dosyalar\u0131 sahaya ta\u015f\u0131rlar.Her b\u00f6l\u00fcmde ekip, uyutulmu\u015f bir icra dosyas\u0131n\u0131 al\u0131p hacze gider.Gittikleri her evde i\u015fler planland\u0131\u011f\u0131 gibi ilerlemez.Komik, tuhaf, bazen [&hellip;]<\/p>\n","protected":false},"author":1,"featured_media":0,"parent":0,"menu_order":0,"comment_status":"closed","ping_status":"closed","template":"","meta":{"footnotes":""},"class_list":["post-82","page","type-page","status-publish","hentry"],"_links":{"self":[{"href":"https:\/\/arabeks.com\/index.php?rest_route=\/wp\/v2\/pages\/82","targetHints":{"allow":["GET"]}}],"collection":[{"href":"https:\/\/arabeks.com\/index.php?rest_route=\/wp\/v2\/pages"}],"about":[{"href":"https:\/\/arabeks.com\/index.php?rest_route=\/wp\/v2\/types\/page"}],"author":[{"embeddable":true,"href":"https:\/\/arabeks.com\/index.php?rest_route=\/wp\/v2\/users\/1"}],"replies":[{"embeddable":true,"href":"https:\/\/arabeks.com\/index.php?rest_route=%2Fwp%2Fv2%2Fcomments&post=82"}],"version-history":[{"count":17,"href":"https:\/\/arabeks.com\/index.php?rest_route=\/wp\/v2\/pages\/82\/revisions"}],"predecessor-version":[{"id":241,"href":"https:\/\/arabeks.com\/index.php?rest_route=\/wp\/v2\/pages\/82\/revisions\/241"}],"wp:attachment":[{"href":"https:\/\/arabeks.com\/index.php?rest_route=%2Fwp%2Fv2%2Fmedia&parent=82"}],"curies":[{"name":"wp","href":"https:\/\/api.w.org\/{rel}","templated":true}]}}