{"id":195,"date":"2025-12-17T10:00:39","date_gmt":"2025-12-17T10:00:39","guid":{"rendered":"https:\/\/arabeks.com\/?page_id=195"},"modified":"2025-12-17T10:12:02","modified_gmt":"2025-12-17T10:12:02","slug":"bolumler","status":"publish","type":"page","link":"https:\/\/arabeks.com\/?page_id=195","title":{"rendered":"B\u00f6l\u00fcmler"},"content":{"rendered":"\n<main class=\"wp-block-group has-contrast-background-color has-background is-layout-flow wp-block-group-is-layout-flow\" style=\"margin-top:0;margin-bottom:0;padding-top:0;padding-right:0;padding-bottom:0;padding-left:0\">\n<main class=\"wp-block-group our-projects has-global-padding is-layout-constrained wp-container-core-group-is-layout-a5319d1d wp-block-group-is-layout-constrained\" style=\"margin-top:0;margin-bottom:0;padding-top:50px;padding-right:0px;padding-bottom:50px;padding-left:0px\">\n<div class=\"wp-block-group has-global-padding is-layout-constrained wp-container-core-group-is-layout-12243e0f wp-block-group-is-layout-constrained\">\n<h3 class=\"wp-block-heading has-text-align-center has-base-color has-text-color has-link-color has-syne-font-family wp-elements-356345f3ea91b5b73a36f2cb8430b070\" style=\"font-size:clamp(16.293px, 1.018rem + ((1vw - 3.2px) * 0.989), 25px);font-style:normal;font-weight:700\">B\u00f6l\u00fcmler<\/h3>\n\n\n\n<p class=\"has-text-align-center has-base-color has-text-color has-link-color has-poppins-font-family wp-elements-d5249554d41cd9a094a23c207784aa6c\" style=\"margin-top:0;margin-bottom:0;font-size:14px;font-style:normal;font-weight:400\">Her b\u00f6l\u00fcm ayr\u0131 macera&#8230;<\/p>\n<\/div>\n\n\n\n<div class=\"wp-block-columns alignwide  owl-carousel tour-box animations-hidden-item is-layout-flex wp-container-core-columns-is-layout-28f84493 wp-block-columns-is-layout-flex\">\n<div class=\"wp-block-column is-vertically-aligned-center product-main is-layout-flow wp-block-column-is-layout-flow\" style=\"border-radius:10px;padding-top:0;padding-bottom:0\">\n<div class=\"wp-block-group image-box has-global-padding is-content-justification-center is-layout-constrained wp-container-core-group-is-layout-88bc6f48 wp-block-group-is-layout-constrained\" style=\"min-height:150px;padding-top:0px\">\n<figure class=\"wp-block-image aligncenter size-full has-custom-border product-image\" style=\"margin-bottom:10px\"><img loading=\"lazy\" decoding=\"async\" width=\"2560\" height=\"1440\" src=\"https:\/\/arabeks.com\/wp-content\/uploads\/2025\/12\/ArabeksBolum_2A-scaled.jpg\" alt=\"\" class=\"wp-image-60\" style=\"border-radius:12px;aspect-ratio:16\/9;object-fit:contain\" srcset=\"https:\/\/arabeks.com\/wp-content\/uploads\/2025\/12\/ArabeksBolum_2A-scaled.jpg 2560w, https:\/\/arabeks.com\/wp-content\/uploads\/2025\/12\/ArabeksBolum_2A-300x169.jpg 300w, https:\/\/arabeks.com\/wp-content\/uploads\/2025\/12\/ArabeksBolum_2A-1024x576.jpg 1024w, https:\/\/arabeks.com\/wp-content\/uploads\/2025\/12\/ArabeksBolum_2A-768x432.jpg 768w, https:\/\/arabeks.com\/wp-content\/uploads\/2025\/12\/ArabeksBolum_2A-1536x864.jpg 1536w, https:\/\/arabeks.com\/wp-content\/uploads\/2025\/12\/ArabeksBolum_2A-2048x1152.jpg 2048w\" sizes=\"auto, (max-width: 2560px) 100vw, 2560px\" \/><\/figure>\n\n\n\n<div class=\"wp-block-group carrt-btn has-global-padding is-layout-constrained wp-block-group-is-layout-constrained\">\n<div class=\"wp-block-buttons product-btn is-content-justification-center is-layout-flex wp-container-core-buttons-is-layout-a89b3969 wp-block-buttons-is-layout-flex\">\n<div class=\"wp-block-button\"><a class=\"wp-block-button__link has-contrast-color has-base-background-color has-text-color has-background has-link-color has-mulish-font-family has-custom-font-size wp-element-button\" href=\"https:\/\/www.youtube.com\/watch?v=hId9vtL5uqc&amp;list=PLOeu1V_iylL7ECZAbjrckQ_Fk9oe2IuwJ&amp;index=1&amp;t=1295s\" style=\"border-radius:4px;padding-top:8px;padding-right:15px;padding-bottom:8px;padding-left:15px;font-size:clamp(14px, 0.875rem + ((1vw - 3.2px) * 0.114), 15px);font-style:normal;font-weight:700\">1. B\u00f6l\u00fcm \u015eimdi \u0130zle<\/a><\/div>\n<\/div>\n<\/div>\n<\/div>\n\n\n\n<div class=\"wp-block-group has-global-padding is-layout-constrained wp-container-core-group-is-layout-a37634a7 wp-block-group-is-layout-constrained\" style=\"padding-right:20px;padding-bottom:15px;padding-left:0px\">\n<h5 class=\"wp-block-heading has-base-color has-text-color has-link-color has-syne-font-family wp-elements-02859416c80c36a738277a61760efdff\" style=\"margin-top:0;margin-bottom:0;font-size:clamp(14px, 0.875rem + ((1vw - 3.2px) * 0.455), 18px);font-style:normal;font-weight:600;text-transform:capitalize\">&nbsp;1. B\u00f6l\u00fcm &#8211; Can\u0131m\u0131 m\u0131 alacaks\u0131n\u0131z!<\/h5>\n\n\n\n<p class=\"has-base-color has-text-color has-link-color has-poppins-font-family wp-elements-15ed73fb68b12e116cb4cf3c9fd34826\" style=\"margin-top:0;margin-bottom:0;padding-top:0;padding-bottom:0;font-size:13px;font-style:normal;font-weight:400\">\u0130cra memuru Mehmet, yediemin deposundaki icral\u0131k mallar\u0131n\u0131 istemeye gelen bor\u00e7lu Suat&#8217;\u0131 bir anl\u0131k \u00f6fkeyle \u00f6ld\u00fcr\u00fcnce, t\u00fcm ekip kendini bir \u00e7\u0131kmaz\u0131n i\u00e7inde bulur.<\/p>\n<\/div>\n<\/div>\n\n\n\n<div class=\"wp-block-column is-vertically-aligned-center product-main is-layout-flow wp-block-column-is-layout-flow\" style=\"border-radius:10px;padding-top:0;padding-bottom:0\">\n<div class=\"wp-block-group image-box has-global-padding is-content-justification-center is-layout-constrained wp-container-core-group-is-layout-88bc6f48 wp-block-group-is-layout-constrained\" style=\"min-height:150px;padding-top:0px\">\n<figure class=\"wp-block-image aligncenter size-full has-custom-border product-image\" style=\"margin-bottom:10px\"><img loading=\"lazy\" decoding=\"async\" width=\"2560\" height=\"1440\" src=\"https:\/\/arabeks.com\/wp-content\/uploads\/2025\/12\/ArabeksBolum_3A-scaled.jpg\" alt=\"\" class=\"wp-image-61\" style=\"border-radius:12px;aspect-ratio:16\/9;object-fit:contain\" srcset=\"https:\/\/arabeks.com\/wp-content\/uploads\/2025\/12\/ArabeksBolum_3A-scaled.jpg 2560w, https:\/\/arabeks.com\/wp-content\/uploads\/2025\/12\/ArabeksBolum_3A-300x169.jpg 300w, https:\/\/arabeks.com\/wp-content\/uploads\/2025\/12\/ArabeksBolum_3A-1024x576.jpg 1024w, https:\/\/arabeks.com\/wp-content\/uploads\/2025\/12\/ArabeksBolum_3A-768x432.jpg 768w, https:\/\/arabeks.com\/wp-content\/uploads\/2025\/12\/ArabeksBolum_3A-1536x864.jpg 1536w, https:\/\/arabeks.com\/wp-content\/uploads\/2025\/12\/ArabeksBolum_3A-2048x1152.jpg 2048w\" sizes=\"auto, (max-width: 2560px) 100vw, 2560px\" \/><\/figure>\n\n\n\n<div class=\"wp-block-group carrt-btn has-global-padding is-layout-constrained wp-block-group-is-layout-constrained\">\n<div class=\"wp-block-buttons product-btn is-content-justification-center is-layout-flex wp-container-core-buttons-is-layout-a89b3969 wp-block-buttons-is-layout-flex\">\n<div class=\"wp-block-button\"><a class=\"wp-block-button__link has-contrast-color has-base-background-color has-text-color has-background has-link-color has-mulish-font-family has-custom-font-size wp-element-button\" href=\"https:\/\/www.youtube.com\/watch?v=21luBxRpRrM&amp;list=PLOeu1V_iylL7ECZAbjrckQ_Fk9oe2IuwJ&amp;index=2&amp;t=24s\" style=\"border-radius:4px;padding-top:8px;padding-right:15px;padding-bottom:8px;padding-left:15px;font-size:clamp(14px, 0.875rem + ((1vw - 3.2px) * 0.114), 15px);font-style:normal;font-weight:700\">2. B\u00f6l\u00fcm \u015eimdi \u0130zle<\/a><\/div>\n<\/div>\n<\/div>\n<\/div>\n\n\n\n<div class=\"wp-block-group has-global-padding is-layout-constrained wp-container-core-group-is-layout-a37634a7 wp-block-group-is-layout-constrained\" style=\"padding-right:20px;padding-bottom:15px;padding-left:0px\">\n<h5 class=\"wp-block-heading has-base-color has-text-color has-link-color has-syne-font-family wp-elements-e2f46b49639152eda612f7545a61d075\" style=\"margin-top:0;margin-bottom:0;font-size:clamp(14px, 0.875rem + ((1vw - 3.2px) * 0.455), 18px);font-style:normal;font-weight:600;text-transform:capitalize\">2. B\u00f6l\u00fcm &#8211; D\u00fcnyan\u0131n En Pahal\u0131 Salatal\u0131\u011f\u0131<\/h5>\n\n\n\n<p class=\"has-base-color has-text-color has-link-color has-poppins-font-family wp-elements-467fe9327f5cbf77e5c40ea0b6028ff9\" style=\"margin-top:0;margin-bottom:0;padding-top:0;padding-bottom:0;font-size:13px;font-style:normal;font-weight:400\">Filiz, uyutulan icra dosyalar\u0131 aras\u0131ndan sanat\u00e7\u0131 Bur\u00e7in Sarn\u0131\u00e7&#8217;\u0131n dosyas\u0131n\u0131 bulur. Bur\u00e7in&#8217;in icra dairesinde tan\u0131d\u0131\u011f\u0131 var diye haciz i\u015flemi yapacaklar\u0131 zaman sanat galerisindeki resimleri&#8230;<\/p>\n<\/div>\n<\/div>\n\n\n\n<div class=\"wp-block-column is-vertically-aligned-center product-main is-layout-flow wp-block-column-is-layout-flow\" style=\"border-radius:10px;padding-top:0;padding-bottom:0\">\n<div class=\"wp-block-group image-box has-global-padding is-content-justification-center is-layout-constrained wp-container-core-group-is-layout-88bc6f48 wp-block-group-is-layout-constrained\" style=\"min-height:150px;padding-top:0px\">\n<figure class=\"wp-block-image aligncenter size-full has-custom-border product-image\" style=\"margin-bottom:10px\"><img loading=\"lazy\" decoding=\"async\" width=\"2560\" height=\"1440\" src=\"https:\/\/arabeks.com\/wp-content\/uploads\/2025\/12\/ArabeksBolum_1A-scaled.jpg\" alt=\"\" class=\"wp-image-62\" style=\"border-radius:12px;aspect-ratio:16\/9;object-fit:contain\" srcset=\"https:\/\/arabeks.com\/wp-content\/uploads\/2025\/12\/ArabeksBolum_1A-scaled.jpg 2560w, https:\/\/arabeks.com\/wp-content\/uploads\/2025\/12\/ArabeksBolum_1A-300x169.jpg 300w, https:\/\/arabeks.com\/wp-content\/uploads\/2025\/12\/ArabeksBolum_1A-1024x576.jpg 1024w, https:\/\/arabeks.com\/wp-content\/uploads\/2025\/12\/ArabeksBolum_1A-768x432.jpg 768w, https:\/\/arabeks.com\/wp-content\/uploads\/2025\/12\/ArabeksBolum_1A-1536x864.jpg 1536w, https:\/\/arabeks.com\/wp-content\/uploads\/2025\/12\/ArabeksBolum_1A-2048x1152.jpg 2048w\" sizes=\"auto, (max-width: 2560px) 100vw, 2560px\" \/><\/figure>\n\n\n\n<div class=\"wp-block-group carrt-btn has-global-padding is-layout-constrained wp-block-group-is-layout-constrained\">\n<div class=\"wp-block-buttons product-btn is-content-justification-center is-layout-flex wp-container-core-buttons-is-layout-a89b3969 wp-block-buttons-is-layout-flex\">\n<div class=\"wp-block-button\"><a class=\"wp-block-button__link has-contrast-color has-base-background-color has-text-color has-background has-link-color has-mulish-font-family has-custom-font-size wp-element-button\" href=\"https:\/\/www.youtube.com\/watch?v=rVLd5W2S-Bc&amp;list=PLOeu1V_iylL7ECZAbjrckQ_Fk9oe2IuwJ&amp;index=3&amp;t=3s\" style=\"border-radius:4px;padding-top:8px;padding-right:15px;padding-bottom:8px;padding-left:15px;font-size:clamp(14px, 0.875rem + ((1vw - 3.2px) * 0.114), 15px);font-style:normal;font-weight:700\">3. B\u00f6l\u00fcm \u015eimdi \u0130zle<\/a><\/div>\n<\/div>\n<\/div>\n<\/div>\n\n\n\n<div class=\"wp-block-group has-global-padding is-layout-constrained wp-container-core-group-is-layout-a37634a7 wp-block-group-is-layout-constrained\" style=\"padding-right:20px;padding-bottom:15px;padding-left:0px\">\n<h5 class=\"wp-block-heading has-base-color has-text-color has-link-color has-syne-font-family wp-elements-a026f809354579efebc366eda6760d8a\" style=\"margin-top:0;margin-bottom:0;font-size:clamp(14px, 0.875rem + ((1vw - 3.2px) * 0.455), 18px);font-style:normal;font-weight:600;text-transform:capitalize\">3. B\u00f6l\u00fcm &#8211; Bir Can Gitti Bir Can Geldi<\/h5>\n\n\n\n<p class=\"has-base-color has-text-color has-link-color has-poppins-font-family wp-elements-630aa293b42e6b177b672f1c0fedfc40\" style=\"margin-top:0;margin-bottom:0;padding-top:0;padding-bottom:0;font-size:13px;font-style:normal;font-weight:400\">Filiz uyutulan dosyalar aras\u0131nda ad\u0131 hayaletli eve \u00e7\u0131km\u0131\u015f, ev sahibi \u00f6len bir evin haciz dosyas\u0131n\u0131 bulur. Daha \u00f6nce hacze giden icra memurlar\u0131 i\u015flem s\u0131ras\u0131nda korkutucu olaylar&#8230;<\/p>\n<\/div>\n<\/div>\n\n\n\n<div class=\"wp-block-column is-vertically-aligned-center product-main is-layout-flow wp-block-column-is-layout-flow\" style=\"border-radius:10px;padding-top:0;padding-bottom:0\">\n<div class=\"wp-block-group image-box has-global-padding is-content-justification-center is-layout-constrained wp-container-core-group-is-layout-88bc6f48 wp-block-group-is-layout-constrained\" style=\"min-height:150px;padding-top:0px\">\n<figure class=\"wp-block-image aligncenter size-full has-custom-border product-image\" style=\"margin-bottom:10px\"><img loading=\"lazy\" decoding=\"async\" width=\"2560\" height=\"1440\" src=\"https:\/\/arabeks.com\/wp-content\/uploads\/2025\/12\/ArabeksBolum_4B-scaled.jpg\" alt=\"\" class=\"wp-image-63\" style=\"border-radius:12px;aspect-ratio:16\/9;object-fit:contain\" srcset=\"https:\/\/arabeks.com\/wp-content\/uploads\/2025\/12\/ArabeksBolum_4B-scaled.jpg 2560w, https:\/\/arabeks.com\/wp-content\/uploads\/2025\/12\/ArabeksBolum_4B-300x169.jpg 300w, https:\/\/arabeks.com\/wp-content\/uploads\/2025\/12\/ArabeksBolum_4B-1024x576.jpg 1024w, https:\/\/arabeks.com\/wp-content\/uploads\/2025\/12\/ArabeksBolum_4B-768x432.jpg 768w, https:\/\/arabeks.com\/wp-content\/uploads\/2025\/12\/ArabeksBolum_4B-1536x864.jpg 1536w, https:\/\/arabeks.com\/wp-content\/uploads\/2025\/12\/ArabeksBolum_4B-2048x1152.jpg 2048w\" sizes=\"auto, (max-width: 2560px) 100vw, 2560px\" \/><\/figure>\n\n\n\n<div class=\"wp-block-group carrt-btn has-global-padding is-layout-constrained wp-block-group-is-layout-constrained\">\n<div class=\"wp-block-buttons product-btn is-content-justification-center is-layout-flex wp-container-core-buttons-is-layout-a89b3969 wp-block-buttons-is-layout-flex\">\n<div class=\"wp-block-button\"><a class=\"wp-block-button__link has-contrast-color has-base-background-color has-text-color has-background has-link-color has-mulish-font-family has-custom-font-size wp-element-button\" href=\"https:\/\/www.youtube.com\/watch?v=Z_ADm_YAHeI&amp;list=PLOeu1V_iylL7ECZAbjrckQ_Fk9oe2IuwJ&amp;index=4&amp;t=29s\" style=\"border-radius:4px;padding-top:8px;padding-right:15px;padding-bottom:8px;padding-left:15px;font-size:clamp(14px, 0.875rem + ((1vw - 3.2px) * 0.114), 15px);font-style:normal;font-weight:700\">4. B\u00f6l\u00fcm \u015eimdi \u0130zle<\/a><\/div>\n<\/div>\n<\/div>\n<\/div>\n\n\n\n<div class=\"wp-block-group has-global-padding is-layout-constrained wp-container-core-group-is-layout-a37634a7 wp-block-group-is-layout-constrained\" style=\"padding-right:20px;padding-bottom:15px;padding-left:0px\">\n<h5 class=\"wp-block-heading has-base-color has-text-color has-link-color has-syne-font-family wp-elements-07bba56814985ae6b5c401156a9b009c\" style=\"margin-top:0;margin-bottom:0;font-size:clamp(14px, 0.875rem + ((1vw - 3.2px) * 0.455), 18px);font-style:normal;font-weight:600;text-transform:capitalize\">4. B\u00f6l\u00fcm &#8211; Tahmin edilemez bir taraf\u0131n var<\/h5>\n\n\n\n<p class=\"has-base-color has-text-color has-link-color has-poppins-font-family wp-elements-5477ba22270dadf3059177480eb273de\" style=\"margin-top:0;margin-bottom:0;padding-top:0;padding-bottom:0;font-size:13px;font-style:normal;font-weight:400\">Bir evi soymak \u00fczere olan bir h\u0131rs\u0131z tam evden \u00e7\u0131kaca\u011f\u0131 s\u0131rada eve gelen haciz memuru Mehmet ve ekibi ile kar\u015f\u0131la\u015f\u0131r. H\u0131rs\u0131z evden \u00e7\u0131kamay\u0131nca kendini ev sahibi gibi tan\u0131t\u0131r ve haciz&#8230;<\/p>\n<\/div>\n<\/div>\n<\/div>\n<\/main>\n<\/main>\n","protected":false},"excerpt":{"rendered":"<p>B\u00f6l\u00fcmler Her b\u00f6l\u00fcm ayr\u0131 macera&#8230; &nbsp;1. B\u00f6l\u00fcm &#8211; Can\u0131m\u0131 m\u0131 alacaks\u0131n\u0131z! \u0130cra memuru Mehmet, yediemin deposundaki icral\u0131k mallar\u0131n\u0131 istemeye gelen bor\u00e7lu Suat&#8217;\u0131 bir anl\u0131k \u00f6fkeyle \u00f6ld\u00fcr\u00fcnce, t\u00fcm ekip kendini bir \u00e7\u0131kmaz\u0131n i\u00e7inde bulur. 2. B\u00f6l\u00fcm &#8211; D\u00fcnyan\u0131n En Pahal\u0131 Salatal\u0131\u011f\u0131 Filiz, uyutulan icra dosyalar\u0131 aras\u0131ndan sanat\u00e7\u0131 Bur\u00e7in Sarn\u0131\u00e7&#8217;\u0131n dosyas\u0131n\u0131 bulur. Bur\u00e7in&#8217;in icra dairesinde tan\u0131d\u0131\u011f\u0131 var [&hellip;]<\/p>\n","protected":false},"author":1,"featured_media":0,"parent":0,"menu_order":0,"comment_status":"closed","ping_status":"closed","template":"","meta":{"footnotes":""},"class_list":["post-195","page","type-page","status-publish","hentry"],"_links":{"self":[{"href":"https:\/\/arabeks.com\/index.php?rest_route=\/wp\/v2\/pages\/195","targetHints":{"allow":["GET"]}}],"collection":[{"href":"https:\/\/arabeks.com\/index.php?rest_route=\/wp\/v2\/pages"}],"about":[{"href":"https:\/\/arabeks.com\/index.php?rest_route=\/wp\/v2\/types\/page"}],"author":[{"embeddable":true,"href":"https:\/\/arabeks.com\/index.php?rest_route=\/wp\/v2\/users\/1"}],"replies":[{"embeddable":true,"href":"https:\/\/arabeks.com\/index.php?rest_route=%2Fwp%2Fv2%2Fcomments&post=195"}],"version-history":[{"count":5,"href":"https:\/\/arabeks.com\/index.php?rest_route=\/wp\/v2\/pages\/195\/revisions"}],"predecessor-version":[{"id":208,"href":"https:\/\/arabeks.com\/index.php?rest_route=\/wp\/v2\/pages\/195\/revisions\/208"}],"wp:attachment":[{"href":"https:\/\/arabeks.com\/index.php?rest_route=%2Fwp%2Fv2%2Fmedia&parent=195"}],"curies":[{"name":"wp","href":"https:\/\/api.w.org\/{rel}","templated":true}]}}