{"id":150,"date":"2025-12-16T21:03:28","date_gmt":"2025-12-16T21:03:28","guid":{"rendered":"https:\/\/arabeks.com\/?page_id=150"},"modified":"2025-12-16T21:26:23","modified_gmt":"2025-12-16T21:26:23","slug":"ekip","status":"publish","type":"page","link":"https:\/\/arabeks.com\/?page_id=150","title":{"rendered":"EK\u0130P"},"content":{"rendered":"\n<main class=\"wp-block-group about-section has-secondary-background-color has-background has-global-padding is-layout-constrained wp-container-core-group-is-layout-a0a3e03f wp-block-group-is-layout-constrained\" style=\"margin-top:0;margin-bottom:0;padding-top:70px;padding-right:0;padding-bottom:70px;padding-left:0\">\n<h4 class=\"wp-block-heading has-text-align-center\">EK\u0130P.<\/h4>\n\n\n\n<div class=\"wp-block-columns are-vertically-aligned-center about-box animations-hidden-item is-layout-flex wp-container-core-columns-is-layout-28f84493 wp-block-columns-is-layout-flex\">\n<div class=\"wp-block-column is-vertically-aligned-center about-left is-layout-flow wp-block-column-is-layout-flow\" style=\"flex-basis:70%\">\n<div class=\"wp-block-group award-box-left has-contrast-background-color has-background has-global-padding is-layout-constrained wp-container-core-group-is-layout-19bc2383 wp-block-group-is-layout-constrained\" style=\"border-radius:15px;min-height:145px;margin-top:0;margin-bottom:0;padding-top:50px;padding-right:25px;padding-bottom:50px;padding-left:25px\">\n<div class=\"wp-block-group search-icon has-global-padding is-layout-constrained wp-container-core-group-is-layout-b46cc6d1 wp-block-group-is-layout-constrained\" style=\"padding-top:0;padding-right:0;padding-bottom:0;padding-left:0\">\n<figure class=\"wp-block-image size-thumbnail\"><img loading=\"lazy\" decoding=\"async\" width=\"148\" height=\"150\" src=\"https:\/\/arabeks.com\/wp-content\/uploads\/2025\/12\/Ekran-Resmi-2025-12-17-00.15.27-edited-148x150.png\" alt=\"\" class=\"wp-image-163\"\/><\/figure>\n<\/div>\n\n\n\n<h2 class=\"wp-block-heading has-text-align-center has-base-color has-text-color has-link-color has-lato-font-family wp-elements-aa603c556c353c19ca45df363dbe005c\" style=\"font-size:clamp(14px, 0.875rem + ((1vw - 3.2px) * 0.455), 18px);font-style:normal;font-weight:700\">\u015eerif Toklucu<\/h2>\n\n\n\n<p class=\"has-text-align-center has-quicksand-font-family\">-Y\u00f6netmen-<\/p>\n<\/div>\n<\/div>\n\n\n\n<div class=\"wp-block-column is-vertically-aligned-center about-left is-layout-flow wp-block-column-is-layout-flow\" style=\"flex-basis:70%\">\n<div class=\"wp-block-group award-box-left has-contrast-background-color has-background has-global-padding is-layout-constrained wp-container-core-group-is-layout-19bc2383 wp-block-group-is-layout-constrained\" style=\"border-radius:15px;min-height:145px;margin-top:0;margin-bottom:0;padding-top:50px;padding-right:25px;padding-bottom:50px;padding-left:25px\">\n<div class=\"wp-block-group search-icon has-global-padding is-layout-constrained wp-container-core-group-is-layout-b46cc6d1 wp-block-group-is-layout-constrained\" style=\"padding-top:0;padding-right:0;padding-bottom:0;padding-left:0\">\n<figure class=\"wp-block-image size-thumbnail\"><img loading=\"lazy\" decoding=\"async\" width=\"147\" height=\"150\" src=\"https:\/\/arabeks.com\/wp-content\/uploads\/2025\/12\/Ekran-Resmi-2025-12-17-00.16.56-edited-147x150.png\" alt=\"\" class=\"wp-image-165\" style=\"aspect-ratio:2\/3;object-fit:contain\"\/><\/figure>\n<\/div>\n\n\n\n<h2 class=\"wp-block-heading has-text-align-center has-base-color has-text-color has-link-color has-lato-font-family wp-elements-e6972552026593346ca0aa8a23236642\" style=\"font-size:clamp(14px, 0.875rem + ((1vw - 3.2px) * 0.455), 18px);font-style:normal;font-weight:700\">Ahmet Emin Erg\u00fcl<\/h2>\n\n\n\n<p class=\"has-text-align-center\">-Yap\u0131mc\u0131-<\/p>\n<\/div>\n<\/div>\n\n\n\n<div class=\"wp-block-column is-vertically-aligned-center about-left is-layout-flow wp-block-column-is-layout-flow\" style=\"flex-basis:70%\">\n<div class=\"wp-block-group award-box-left has-contrast-background-color has-background has-global-padding is-layout-constrained wp-container-core-group-is-layout-19bc2383 wp-block-group-is-layout-constrained\" style=\"border-radius:15px;min-height:145px;margin-top:0;margin-bottom:0;padding-top:50px;padding-right:25px;padding-bottom:50px;padding-left:25px\">\n<div class=\"wp-block-group search-icon has-global-padding is-layout-constrained wp-container-core-group-is-layout-b46cc6d1 wp-block-group-is-layout-constrained\" style=\"padding-top:0;padding-right:0;padding-bottom:0;padding-left:0\">\n<figure class=\"wp-block-image aligncenter size-thumbnail\"><img loading=\"lazy\" decoding=\"async\" width=\"150\" height=\"150\" src=\"https:\/\/arabeks.com\/wp-content\/uploads\/2025\/12\/Ekran-Resmi-2025-12-17-00.21.00-edited-150x150.png\" alt=\"\" class=\"wp-image-178\" style=\"aspect-ratio:2\/3;object-fit:contain\"\/><\/figure>\n<\/div>\n\n\n\n<h2 class=\"wp-block-heading has-text-align-center has-base-color has-text-color has-link-color has-lato-font-family wp-elements-60dc67be881bd8e2b834fcb526caf3ab\" style=\"font-size:clamp(14px, 0.875rem + ((1vw - 3.2px) * 0.455), 18px);font-style:normal;font-weight:700\">\u0130brahim Y\u00f6r\u00fck<\/h2>\n\n\n\n<p class=\"has-text-align-center\">-Yap\u0131mc\u0131-<\/p>\n<\/div>\n<\/div>\n\n\n\n<div class=\"wp-block-column is-vertically-aligned-center about-left is-layout-flow wp-block-column-is-layout-flow\" style=\"flex-basis:70%\">\n<div class=\"wp-block-group award-box-left has-contrast-background-color has-background has-global-padding is-layout-constrained wp-container-core-group-is-layout-19bc2383 wp-block-group-is-layout-constrained\" style=\"border-radius:15px;min-height:145px;margin-top:0;margin-bottom:0;padding-top:50px;padding-right:25px;padding-bottom:50px;padding-left:25px\">\n<div class=\"wp-block-group search-icon has-global-padding is-layout-constrained wp-container-core-group-is-layout-b46cc6d1 wp-block-group-is-layout-constrained\" style=\"padding-top:0;padding-right:0;padding-bottom:0;padding-left:0\">\n<figure class=\"wp-block-image aligncenter size-thumbnail\" style=\"margin-right:var(--wp--preset--spacing--50);margin-left:var(--wp--preset--spacing--50)\"><img loading=\"lazy\" decoding=\"async\" width=\"150\" height=\"150\" src=\"https:\/\/arabeks.com\/wp-content\/uploads\/2025\/12\/Ekran-Resmi-2025-12-17-00.21.00-edited-150x150.png\" alt=\"\" class=\"wp-image-178\" style=\"aspect-ratio:0.7496693746457586;object-fit:contain\"\/><\/figure>\n<\/div>\n\n\n\n<h2 class=\"wp-block-heading has-text-align-center has-base-color has-text-color has-link-color has-lato-font-family wp-elements-04aad1b40bc8c5e2bb8795b33b067185\" style=\"font-size:clamp(14px, 0.875rem + ((1vw - 3.2px) * 0.455), 18px);font-style:normal;font-weight:700\">Mete Temel<\/h2>\n\n\n\n<p class=\"has-text-align-center\">-Senarist-<\/p>\n<\/div>\n<\/div>\n<\/div>\n\n\n\n<div class=\"wp-block-columns are-vertically-aligned-center about-box animations-hidden-item is-layout-flex wp-container-core-columns-is-layout-28f84493 wp-block-columns-is-layout-flex\">\n<div class=\"wp-block-column is-vertically-aligned-center about-left is-layout-flow wp-block-column-is-layout-flow\" style=\"flex-basis:70%\">\n<div class=\"wp-block-group award-box-left has-contrast-background-color has-background has-global-padding is-layout-constrained wp-container-core-group-is-layout-19bc2383 wp-block-group-is-layout-constrained\" style=\"border-radius:15px;min-height:145px;margin-top:0;margin-bottom:0;padding-top:50px;padding-right:25px;padding-bottom:50px;padding-left:25px\">\n<div class=\"wp-block-group search-icon has-global-padding is-layout-constrained wp-container-core-group-is-layout-b46cc6d1 wp-block-group-is-layout-constrained\" style=\"padding-top:0;padding-right:0;padding-bottom:0;padding-left:0\">\n<figure class=\"wp-block-image size-thumbnail\"><img loading=\"lazy\" decoding=\"async\" width=\"150\" height=\"150\" src=\"https:\/\/arabeks.com\/wp-content\/uploads\/2025\/12\/Ekran-Resmi-2025-12-17-00.13.26-edited-150x150.png\" alt=\"\" class=\"wp-image-169\" style=\"aspect-ratio:2\/3;object-fit:contain\"\/><\/figure>\n<\/div>\n\n\n\n<h2 class=\"wp-block-heading has-text-align-center has-base-color has-text-color has-link-color has-lato-font-family wp-elements-fc42fd4eadc917b18e55e9b5ef799fb0\" style=\"font-size:clamp(14px, 0.875rem + ((1vw - 3.2px) * 0.455), 18px);font-style:normal;font-weight:700\">Vahdet \u00c7akar<\/h2>\n\n\n\n<p class=\"has-text-align-center has-quicksand-font-family\">-Oyuncu-<\/p>\n<\/div>\n<\/div>\n\n\n\n<div class=\"wp-block-column is-vertically-aligned-center about-left is-layout-flow wp-block-column-is-layout-flow\" style=\"flex-basis:70%\">\n<div class=\"wp-block-group award-box-left has-contrast-background-color has-background has-global-padding is-layout-constrained wp-container-core-group-is-layout-19bc2383 wp-block-group-is-layout-constrained\" style=\"border-radius:15px;min-height:145px;margin-top:0;margin-bottom:0;padding-top:50px;padding-right:25px;padding-bottom:50px;padding-left:25px\">\n<div class=\"wp-block-group search-icon has-global-padding is-layout-constrained wp-container-core-group-is-layout-b46cc6d1 wp-block-group-is-layout-constrained\" style=\"padding-top:0;padding-right:0;padding-bottom:0;padding-left:0\">\n<figure class=\"wp-block-image size-thumbnail\"><img loading=\"lazy\" decoding=\"async\" width=\"150\" height=\"150\" src=\"https:\/\/arabeks.com\/wp-content\/uploads\/2025\/12\/Ekran-Resmi-2025-12-17-00.14.07-edited-1-150x150.png\" alt=\"\" class=\"wp-image-170\" style=\"aspect-ratio:2\/3;object-fit:contain\"\/><\/figure>\n<\/div>\n\n\n\n<h2 class=\"wp-block-heading has-text-align-center has-base-color has-text-color has-link-color has-lato-font-family wp-elements-203efd4d670e1d5f1f24fb9412808d52\" style=\"font-size:clamp(14px, 0.875rem + ((1vw - 3.2px) * 0.455), 18px);font-style:normal;font-weight:700\">Beste Bereket \u00d6nal<\/h2>\n\n\n\n<p class=\"has-text-align-center\">-Oyuncu-<\/p>\n<\/div>\n<\/div>\n\n\n\n<div class=\"wp-block-column is-vertically-aligned-center about-left is-layout-flow wp-block-column-is-layout-flow\" style=\"flex-basis:70%\">\n<div class=\"wp-block-group award-box-left has-contrast-background-color has-background has-global-padding is-layout-constrained wp-container-core-group-is-layout-19bc2383 wp-block-group-is-layout-constrained\" style=\"border-radius:15px;min-height:145px;margin-top:0;margin-bottom:0;padding-top:50px;padding-right:25px;padding-bottom:50px;padding-left:25px\">\n<div class=\"wp-block-group search-icon has-global-padding is-layout-constrained wp-container-core-group-is-layout-b46cc6d1 wp-block-group-is-layout-constrained\" style=\"padding-top:0;padding-right:0;padding-bottom:0;padding-left:0\">\n<figure class=\"wp-block-image size-thumbnail\"><img loading=\"lazy\" decoding=\"async\" width=\"148\" height=\"150\" src=\"https:\/\/arabeks.com\/wp-content\/uploads\/2025\/12\/Ekran-Resmi-2025-12-17-00.14.32-edited-148x150.png\" alt=\"\" class=\"wp-image-172\" style=\"aspect-ratio:2\/3;object-fit:contain\"\/><\/figure>\n<\/div>\n\n\n\n<h2 class=\"wp-block-heading has-text-align-center has-base-color has-text-color has-link-color has-lato-font-family wp-elements-de96b642657963b69861da892d4465d6\" style=\"font-size:clamp(14px, 0.875rem + ((1vw - 3.2px) * 0.455), 18px);font-style:normal;font-weight:700\">Cihan Durmaz<\/h2>\n\n\n\n<p class=\"has-text-align-center\">-Oyuncu-<\/p>\n<\/div>\n<\/div>\n\n\n\n<div class=\"wp-block-column is-vertically-aligned-center about-left is-layout-flow wp-block-column-is-layout-flow\" style=\"flex-basis:70%\">\n<div class=\"wp-block-group award-box-left has-contrast-background-color has-background has-global-padding is-layout-constrained wp-container-core-group-is-layout-19bc2383 wp-block-group-is-layout-constrained\" style=\"border-radius:15px;min-height:145px;margin-top:0;margin-bottom:0;padding-top:50px;padding-right:25px;padding-bottom:50px;padding-left:25px\">\n<div class=\"wp-block-group search-icon has-global-padding is-layout-constrained wp-container-core-group-is-layout-b46cc6d1 wp-block-group-is-layout-constrained\" style=\"padding-top:0;padding-right:0;padding-bottom:0;padding-left:0\">\n<figure class=\"wp-block-image size-thumbnail\"><img loading=\"lazy\" decoding=\"async\" width=\"150\" height=\"150\" src=\"https:\/\/arabeks.com\/wp-content\/uploads\/2025\/12\/Ekran-Resmi-2025-12-17-00.15.13-edited-150x150.png\" alt=\"\" class=\"wp-image-174\" style=\"aspect-ratio:2\/3;object-fit:contain\"\/><\/figure>\n<\/div>\n\n\n\n<h2 class=\"wp-block-heading has-text-align-center has-base-color has-text-color has-link-color has-lato-font-family wp-elements-20b059802759db86226d48bdcb1bd6d7\" style=\"font-size:clamp(14px, 0.875rem + ((1vw - 3.2px) * 0.455), 18px);font-style:normal;font-weight:700\">\u0130brahim Kat\u0131rc\u0131<\/h2>\n\n\n\n<p class=\"has-text-align-center\">-Oyuncu-<\/p>\n<\/div>\n<\/div>\n<\/div>\n<\/main>\n\n\n\n<p><\/p>\n","protected":false},"excerpt":{"rendered":"<p>EK\u0130P. \u015eerif Toklucu -Y\u00f6netmen- Ahmet Emin Erg\u00fcl -Yap\u0131mc\u0131- \u0130brahim Y\u00f6r\u00fck -Yap\u0131mc\u0131- Mete Temel -Senarist- Vahdet \u00c7akar -Oyuncu- Beste Bereket \u00d6nal -Oyuncu- Cihan Durmaz -Oyuncu- \u0130brahim Kat\u0131rc\u0131 -Oyuncu-<\/p>\n","protected":false},"author":1,"featured_media":0,"parent":0,"menu_order":0,"comment_status":"closed","ping_status":"closed","template":"","meta":{"footnotes":""},"class_list":["post-150","page","type-page","status-publish","hentry"],"_links":{"self":[{"href":"https:\/\/arabeks.com\/index.php?rest_route=\/wp\/v2\/pages\/150","targetHints":{"allow":["GET"]}}],"collection":[{"href":"https:\/\/arabeks.com\/index.php?rest_route=\/wp\/v2\/pages"}],"about":[{"href":"https:\/\/arabeks.com\/index.php?rest_route=\/wp\/v2\/types\/page"}],"author":[{"embeddable":true,"href":"https:\/\/arabeks.com\/index.php?rest_route=\/wp\/v2\/users\/1"}],"replies":[{"embeddable":true,"href":"https:\/\/arabeks.com\/index.php?rest_route=%2Fwp%2Fv2%2Fcomments&post=150"}],"version-history":[{"count":22,"href":"https:\/\/arabeks.com\/index.php?rest_route=\/wp\/v2\/pages\/150\/revisions"}],"predecessor-version":[{"id":190,"href":"https:\/\/arabeks.com\/index.php?rest_route=\/wp\/v2\/pages\/150\/revisions\/190"}],"wp:attachment":[{"href":"https:\/\/arabeks.com\/index.php?rest_route=%2Fwp%2Fv2%2Fmedia&parent=150"}],"curies":[{"name":"wp","href":"https:\/\/api.w.org\/{rel}","templated":true}]}}